{"id":7640,"date":"2020-05-07T14:14:38","date_gmt":"2020-05-07T14:14:38","guid":{"rendered":"https:\/\/www.abm.cat\/abm-consulting\/"},"modified":"2026-03-11T08:32:24","modified_gmt":"2026-03-11T07:32:24","slug":"abm-consulting","status":"publish","type":"page","link":"https:\/\/www.abm.cat\/en\/abm-consulting\/","title":{"rendered":"ABM Consulting"},"content":{"rendered":"","protected":false},"excerpt":{"rendered":"","protected":false},"author":1,"featured_media":0,"parent":0,"menu_order":0,"comment_status":"closed","ping_status":"closed","template":"page-consulting.php","meta":{"_acf_changed":false,"inline_featured_image":false,"footnotes":""},"class_list":["post-7640","page","type-page","status-publish","hentry"],"acf":[],"yoast_head":"<!-- This site is optimized with the Yoast SEO plugin v26.7 - https:\/\/yoast.com\/wordpress\/plugins\/seo\/ -->\n<title>ABM Consulting | ABM<\/title>\n<meta name=\"description\" content=\"Ingenier\u00eda de referencia en Catalu\u00f1a con gran conocimiento en hidr\u00e1ulica y sistemas gesti\u00f3n del agua y con firme compromiso con territorio.\" \/>\n<meta name=\"robots\" content=\"index, follow, max-snippet:-1, max-image-preview:large, max-video-preview:-1\" \/>\n<link rel=\"canonical\" href=\"https:\/\/www.abm.cat\/en\/abm-consulting\/\" \/>\n<meta property=\"og:locale\" content=\"en_US\" \/>\n<meta property=\"og:type\" content=\"article\" \/>\n<meta property=\"og:title\" content=\"ABM Consulting | ABM\" \/>\n<meta property=\"og:description\" content=\"Ingenier\u00eda de referencia en Catalu\u00f1a con gran conocimiento en hidr\u00e1ulica y sistemas gesti\u00f3n del agua y con firme compromiso con territorio.\" \/>\n<meta property=\"og:url\" content=\"https:\/\/www.abm.cat\/en\/abm-consulting\/\" \/>\n<meta property=\"og:site_name\" content=\"ABM\" \/>\n<meta property=\"article:modified_time\" content=\"2026-03-11T07:32:24+00:00\" \/>\n<meta name=\"twitter:card\" content=\"summary_large_image\" \/>\n<script type=\"application\/ld+json\" class=\"yoast-schema-graph\">{\"@context\":\"https:\/\/schema.org\",\"@graph\":[{\"@type\":\"WebPage\",\"@id\":\"https:\/\/www.abm.cat\/en\/abm-consulting\/\",\"url\":\"https:\/\/www.abm.cat\/en\/abm-consulting\/\",\"name\":\"ABM Consulting | ABM\",\"isPartOf\":{\"@id\":\"https:\/\/www.abm.cat\/#website\"},\"datePublished\":\"2020-05-07T14:14:38+00:00\",\"dateModified\":\"2026-03-11T07:32:24+00:00\",\"description\":\"Ingenier\u00eda de referencia en Catalu\u00f1a con gran conocimiento en hidr\u00e1ulica y sistemas gesti\u00f3n del agua y con firme compromiso con territorio.\",\"breadcrumb\":{\"@id\":\"https:\/\/www.abm.cat\/en\/abm-consulting\/#breadcrumb\"},\"inLanguage\":\"en-US\",\"potentialAction\":[{\"@type\":\"ReadAction\",\"target\":[\"https:\/\/www.abm.cat\/en\/abm-consulting\/\"]}]},{\"@type\":\"BreadcrumbList\",\"@id\":\"https:\/\/www.abm.cat\/en\/abm-consulting\/#breadcrumb\",\"itemListElement\":[{\"@type\":\"ListItem\",\"position\":1,\"name\":\"Inici\",\"item\":\"https:\/\/www.abm.cat\/en\/\"},{\"@type\":\"ListItem\",\"position\":2,\"name\":\"ABM Consulting\"}]},{\"@type\":\"WebSite\",\"@id\":\"https:\/\/www.abm.cat\/#website\",\"url\":\"https:\/\/www.abm.cat\/\",\"name\":\"ABM\",\"description\":\"Especialistes en enginyeria de l&#039;aigua i territori.\",\"potentialAction\":[{\"@type\":\"SearchAction\",\"target\":{\"@type\":\"EntryPoint\",\"urlTemplate\":\"https:\/\/www.abm.cat\/?s={search_term_string}\"},\"query-input\":{\"@type\":\"PropertyValueSpecification\",\"valueRequired\":true,\"valueName\":\"search_term_string\"}}],\"inLanguage\":\"en-US\"}]}<\/script>\n<!-- \/ Yoast SEO plugin. -->","yoast_head_json":{"title":"ABM Consulting | ABM","description":"Ingenier\u00eda de referencia en Catalu\u00f1a con gran conocimiento en hidr\u00e1ulica y sistemas gesti\u00f3n del agua y con firme compromiso con territorio.","robots":{"index":"index","follow":"follow","max-snippet":"max-snippet:-1","max-image-preview":"max-image-preview:large","max-video-preview":"max-video-preview:-1"},"canonical":"https:\/\/www.abm.cat\/en\/abm-consulting\/","og_locale":"en_US","og_type":"article","og_title":"ABM Consulting | ABM","og_description":"Ingenier\u00eda de referencia en Catalu\u00f1a con gran conocimiento en hidr\u00e1ulica y sistemas gesti\u00f3n del agua y con firme compromiso con territorio.","og_url":"https:\/\/www.abm.cat\/en\/abm-consulting\/","og_site_name":"ABM","article_modified_time":"2026-03-11T07:32:24+00:00","twitter_card":"summary_large_image","schema":{"@context":"https:\/\/schema.org","@graph":[{"@type":"WebPage","@id":"https:\/\/www.abm.cat\/en\/abm-consulting\/","url":"https:\/\/www.abm.cat\/en\/abm-consulting\/","name":"ABM Consulting | ABM","isPartOf":{"@id":"https:\/\/www.abm.cat\/#website"},"datePublished":"2020-05-07T14:14:38+00:00","dateModified":"2026-03-11T07:32:24+00:00","description":"Ingenier\u00eda de referencia en Catalu\u00f1a con gran conocimiento en hidr\u00e1ulica y sistemas gesti\u00f3n del agua y con firme compromiso con territorio.","breadcrumb":{"@id":"https:\/\/www.abm.cat\/en\/abm-consulting\/#breadcrumb"},"inLanguage":"en-US","potentialAction":[{"@type":"ReadAction","target":["https:\/\/www.abm.cat\/en\/abm-consulting\/"]}]},{"@type":"BreadcrumbList","@id":"https:\/\/www.abm.cat\/en\/abm-consulting\/#breadcrumb","itemListElement":[{"@type":"ListItem","position":1,"name":"Inici","item":"https:\/\/www.abm.cat\/en\/"},{"@type":"ListItem","position":2,"name":"ABM Consulting"}]},{"@type":"WebSite","@id":"https:\/\/www.abm.cat\/#website","url":"https:\/\/www.abm.cat\/","name":"ABM","description":"Especialistes en enginyeria de l&#039;aigua i territori.","potentialAction":[{"@type":"SearchAction","target":{"@type":"EntryPoint","urlTemplate":"https:\/\/www.abm.cat\/?s={search_term_string}"},"query-input":{"@type":"PropertyValueSpecification","valueRequired":true,"valueName":"search_term_string"}}],"inLanguage":"en-US"}]}},"_links":{"self":[{"href":"https:\/\/www.abm.cat\/en\/wp-json\/wp\/v2\/pages\/7640","targetHints":{"allow":["GET"]}}],"collection":[{"href":"https:\/\/www.abm.cat\/en\/wp-json\/wp\/v2\/pages"}],"about":[{"href":"https:\/\/www.abm.cat\/en\/wp-json\/wp\/v2\/types\/page"}],"author":[{"embeddable":true,"href":"https:\/\/www.abm.cat\/en\/wp-json\/wp\/v2\/users\/1"}],"replies":[{"embeddable":true,"href":"https:\/\/www.abm.cat\/en\/wp-json\/wp\/v2\/comments?post=7640"}],"version-history":[{"count":5,"href":"https:\/\/www.abm.cat\/en\/wp-json\/wp\/v2\/pages\/7640\/revisions"}],"predecessor-version":[{"id":8792,"href":"https:\/\/www.abm.cat\/en\/wp-json\/wp\/v2\/pages\/7640\/revisions\/8792"}],"wp:attachment":[{"href":"https:\/\/www.abm.cat\/en\/wp-json\/wp\/v2\/media?parent=7640"}],"curies":[{"name":"wp","href":"https:\/\/api.w.org\/{rel}","templated":true}]}}