{"id":7691,"date":"2020-05-22T11:37:02","date_gmt":"2020-05-22T11:37:02","guid":{"rendered":"https:\/\/www.abm.cat\/politica-de-cookies\/"},"modified":"2024-08-08T14:13:01","modified_gmt":"2024-08-08T12:13:01","slug":"cookies-policy","status":"publish","type":"page","link":"https:\/\/www.abm.cat\/en\/cookies-policy\/","title":{"rendered":"Cookies policy"},"content":{"rendered":"\r\n<p>Esta pol\u00edtica de cookies tiene por finalidad informar de manera clara y precisa sobre las cookies que se utilizan en nuestra web.<\/p>\r\n\r\n\r\n\r\n<p>Utilizamos cookies propias y de terceros para mejorar nuestros servicios, personalizar nuestro sitio web, facilitar la navegaci\u00f3n de nuestros usuarios, proporcionarle una mejor experiencia en el uso del sitio web, identificar problemas para mejorar el mismo, hacer mediciones y estad\u00edsticas de uso y mostrarle publicidad relacionada con sus preferencias mediante el an\u00e1lisis del uso del sitio web.<\/p>\r\n\r\n\r\n\r\n<p>Le informamos de que podemos utilizar cookies en su equipo a condici\u00f3n de que el usuario haya dado su consentimiento, salvo en los supuestos en los que las cookies sean necesarias para la navegaci\u00f3n por nuestro sitio web. En caso de que preste su consentimiento, podremos utilizar cookies que nos permitir\u00e1n tener m\u00e1s informaci\u00f3n acerca de sus preferencias y personalizar nuestro sitio web de conformidad con sus intereses individuales.<\/p>\r\n\r\n\r\n\r\n<p><strong>\u00bfQU\u00c9 SON LAS COOKIES?<\/strong><\/p>\r\n\r\n\r\n\r\n<p>Las <em>cookies <\/em>y otras tecnolog\u00edas similares tales como local shared objects, flash <em>cookies <\/em>o p\u00edxeles, son herramientas empleadas por los servidores Web para almacenar y recuperar informaci\u00f3n acerca de sus visitantes, as\u00ed como para ofrecer un correcto funcionamiento del sitio.<\/p>\r\n\r\n\r\n\r\n<p><strong>TIPOS DE COOKIES<\/strong><\/p>\r\n\r\n\r\n\r\n<p><strong>Tipos de cookies en funci\u00f3n de la entidad que las gestione:<\/strong><\/p>\r\n\r\n\r\n\r\n<p>\u2022 <strong>Cookies<\/strong> <strong>propias:<\/strong> son aquellas que se env\u00edan al equipo terminal del usuario desde un equipo o dominio gestionado por el titular de la p\u00e1gina web y desde la que se presta el servicio solicitado por el usuario.<\/p>\r\n\r\n\r\n\r\n<p>\u2022 <strong>Cookies<\/strong> <strong>de terceros:<\/strong> son aquellas que se env\u00edan al equipo terminal del usuario desde un equipo o dominio que no es gestionado por el titular de la p\u00e1gina web desde la que se presta el servicio solicitado por el usuario, sino por otra entidad que trata los datos obtenidos trav\u00e9s de las cookies. Asimismo, en el caso de que las cookies sean instaladas desde un equipo o dominio gestionado por el propio titular del sitio Web pero la informaci\u00f3n que se recoja mediante \u00e9stas sea gestionada por un tercero, tambi\u00e9n ser\u00e1n consideradas como cookies de terceros.<\/p>\r\n\r\n\r\n\r\n<p><strong>Tipos de cookies seg\u00fan la finalidad:<\/strong><\/p>\r\n\r\n\r\n\r\n<p>\u2022 <strong>Cookies<\/strong> <strong><strong>t\u00e9cnicas: <\/strong><\/strong>son aquellas que permiten al usuario la navegaci\u00f3n a trav\u00e9s de una p\u00e1gina web, plataforma o aplicaci\u00f3n y la utilizaci\u00f3n de las diferentes opciones o servicios que en ella existan, incluyendo aquellas que el editor utiliza para permitir la gesti\u00f3n y operativa de la p\u00e1gina web y habilitar sus funciones y servicios, como, por ejemplo, controlar el tr\u00e1fico y la comunicaci\u00f3n de datos, identificar la sesi\u00f3n, acceder a partes de acceso restringido, recordar los elementos que integran un pedido, realizar el proceso de compra de un pedido, gestionar el pago, controlar el fraude vinculado a la seguridad del servicio, realizar la solicitud de inscripci\u00f3n o participaci\u00f3n en un evento, contar visitas a efectos de la facturaci\u00f3n de licencias del software con el que funciona el servicio (sitio web, plataforma o aplicaci\u00f3n), utilizar elementos de seguridad durante la navegaci\u00f3n, almacenar contenidos para la difusi\u00f3n de v\u00eddeos o sonido, habilitar contenidos din\u00e1micos (por ejemplo, animaci\u00f3n de carga de un texto o imagen) o compartir contenidos a trav\u00e9s de redes sociales.<\/p>\r\n\r\n\r\n\r\n<p>Tambi\u00e9n pertenecen a esta categor\u00eda, por su naturaleza t\u00e9cnica, aquellas cookies que permiten la gesti\u00f3n, de la forma m\u00e1s eficaz posible, de los espacios publicitarios que, como un elemento m\u00e1s de dise\u00f1o o \u201cmaquetaci\u00f3n\u201d del servicio ofrecido al usuario, el editor haya incluido en una p\u00e1gina web, aplicaci\u00f3n o plataforma en base a criterios como el contenido editado, sin que se recopile informaci\u00f3n de los usuarios con fines distintos, como puede ser personalizar ese contenido publicitario u otros contenidos.<\/p>\r\n\r\n\r\n\r\n<p>\u2022 <strong>Cookies<\/strong> <strong><strong><strong>de preferencias o personalizaci\u00f3n<\/strong>: <\/strong><\/strong>son aquellas que permiten recordar informaci\u00f3n para que el usuario acceda al servicio con determinadas caracter\u00edsticas que pueden diferenciar su experiencia de la de otros usuarios, como, por ejemplo, el idioma, el n\u00famero de resultados a mostrar cuando el usuario realiza una b\u00fasqueda, el aspecto o contenido del servicio en funci\u00f3n del tipo de navegador a trav\u00e9s del cual el usuario accede al servicio o de la regi\u00f3n desde la que accede al servicio, etc.<\/p>\r\n\r\n\r\n\r\n<p>\u2022 <strong>Cookies<\/strong> <strong><strong><strong>de<strong> an\u00e1lisis o medici\u00f3n: <\/strong><\/strong><\/strong><\/strong>son aquellas que permiten al responsable de las mismas el seguimiento y an\u00e1lisis del comportamiento de los usuarios de los sitios web a los que est\u00e1n vinculadas, incluida la cuantificaci\u00f3n de los impactos de los anuncios. La informaci\u00f3n recogida mediante este tipo de cookies se utiliza en la medici\u00f3n de la actividad de los sitios web, aplicaci\u00f3n o plataforma, con el fin de introducir mejoras en funci\u00f3n del an\u00e1lisis de los datos de uso que hacen los usuarios del servicio.<\/p>\r\n\r\n\r\n\r\n<p>\u2022 <strong>Cookies<\/strong> <strong><strong><strong>de<strong><strong> publicidad comportamental: <\/strong><\/strong><\/strong><\/strong><\/strong>son aquellas que permiten la gesti\u00f3n, de la forma m\u00e1s eficaz posible, de los espacios publicitarios que hay en la p\u00e1gina web. Estas cookies almacenan informaci\u00f3n del comportamiento de los usuarios obtenida a trav\u00e9s de la observaci\u00f3n continuada de sus h\u00e1bitos de navegaci\u00f3n, lo que permite desarrollar un perfil espec\u00edfico para mostrar publicidad en funci\u00f3n del mismo.<\/p>\r\n\r\n\r\n\r\n<p>\u2022 <strong>Cookies<\/strong> <strong><strong><strong><strong><strong><strong>de geolocalizaci\u00f3n<\/strong>: <\/strong><\/strong><\/strong><\/strong><\/strong>se utilizan para saber en qu\u00e9 lugar se encuentra un usuario cuando solicita un servicio. Esta cookie es an\u00f3nima y se usa por ejemplo para ofrecerle la informaci\u00f3n adecuada dependiendo del pa\u00eds en el que se encuentre.<\/p>\r\n\r\n\r\n\r\n<p><strong>Tipos <strong>de cookies seg\u00fan plazo de tiempo que permanecen activadas:<\/strong><\/strong><\/p>\r\n\r\n\r\n\r\n<p>\u2022 <strong>Cookies<\/strong> <strong><strong><strong><strong><strong><strong>de sesi\u00f3n<\/strong>:<\/strong><\/strong><\/strong><\/strong><\/strong> son aquellas dise\u00f1adas para recabar y almacenar datos mientras el usuario accede a una p\u00e1gina web. Se suelen emplear para almacenar informaci\u00f3n que solo interesa conservar para la prestaci\u00f3n del servicio solicitado por el usuario en una sola ocasi\u00f3n (por ejemplo, una lista de productos adquiridos) y desaparecen al terminar la sesi\u00f3n.<\/p>\r\n\r\n\r\n\r\n<p>\u2022 <strong>Cookies<\/strong> <strong><strong><strong><strong><strong><strong><strong>persistentes:<\/strong> <\/strong><\/strong><\/strong><\/strong><\/strong><\/strong>son aquellas en las que los datos siguen almacenados en el terminal y pueden ser accedidos y tratados durante un periodo definido por el responsable de la cookie, y que puede ir de unos minutos a varios a\u00f1os.<\/p>\r\n\r\n\r\n\r\n<p><strong>COOKIES UTILIZADAS EN NUESTRA WEB<\/strong><\/p>\r\n\r\n\r\n\r\n<div class=\"overflow-llistat-cookies\">\n<table class=\"llistat-cookies\">\n<tbody>\n<tr>\n<th>Purpose<\/th>\n<th>Provider<\/th>\n<th>Cookie name<\/th>\n<th>Management<\/th>\n<th>Expiry period<\/th>\n<th>Function<\/th>\n<\/tr>\n<tr>\n<td>Technical<\/td>\n<td>First-Party<\/td>\n<td>PHPSESSID<\/td>\n<td>First-Party<\/td>\n<td>1 year<\/td>\n<td>PHPSESSID. This cookie is used by the PHP encryption language to allow the SESSION variables to be saved on the web server.<\/td>\n<\/tr>\n<tr>\n<td>Technical<\/td>\n<td>First-Party<\/td>\n<td>wp-settings-time-1, wp-settings-1<\/td>\n<td>First-Party<\/td>\n<td>1 year<\/td>\n<td>These cookies are used by WordPress to customise the user interface.<\/td>\n<\/tr>\n<tr>\n<td>Technical<\/td>\n<td>First-Party<\/td>\n<td>wordpress_logged_in_<\/td>\n<td>First-Party<\/td>\n<td>1 year<\/td>\n<td>After logging in, WordPress activates the wordpress_logged_in_ cookie, whose function is to indicate when the person has logged in and who they are, used by the WordPress interface.<\/td>\n<\/tr>\n<tr>\n<td>Technical<\/td>\n<td>First-Party<\/td>\n<td>wp-wpml_current_language<\/td>\n<td>First-Party<\/td>\n<td>1 year<\/td>\n<td>Allows the user&#8217;s language to be remembered<\/td>\n<\/tr>\n<tr>\n<td>Technical<\/td>\n<td>First-Party<\/td>\n<td>cookieConsent<\/td>\n<td>First-Party<\/td>\n<td>1 year<\/td>\n<td>Saves the acceptance of the cookie notice<\/td>\n<\/tr>\n<tr>\n<td>Technical<\/td>\n<td>First-Party<\/td>\n<td>dateExpireCookie<\/td>\n<td>First-Party<\/td>\n<td>1 year<\/td>\n<td>Saves the expiration date of the cookie from the cookie notice<\/td>\n<\/tr>\n<tr>\n<td>Analytical<\/td>\n<td>GOOGLE<\/td>\n<td>_ga<\/td>\n<td>Third-Party<\/td>\n<td>2 years<\/td>\n<td>Offer statistics on the use of websites. They can also be used together with some of the advertising cookies described above to show more relevant ads in Google properties<\/td>\n<\/tr>\n<tr>\n<td>Analytical<\/td>\n<td>GOOGLE<\/td>\n<td>_ga_*<\/td>\n<td>Third-Party<\/td>\n<td>1 year<\/td>\n<td>Offer statistics on the use of websites. They can also be used together with some of the advertising cookies described above to show more relevant ads in Google properties<\/td>\n<\/tr>\n<tr>\n<td>Analytical<\/td>\n<td>GOOGLE<\/td>\n<td>_gid<\/td>\n<td>Third-Party<\/td>\n<td>23 hours<\/td>\n<td>Stores a unique user ID that is used to generate statistical data on how the visitor uses the website.<\/td>\n<\/tr>\n<tr>\n<td>Analytical<\/td>\n<td>GOOGLE<\/td>\n<td>_gat<\/td>\n<td>Third-Party<\/td>\n<td>1 minute<\/td>\n<td>Used to limit the percentage of requests. If Google Analytics has been implemented through the Google Tag Manager, this cookie will be called _dc_gtm.<\/td>\n<\/tr>\n<\/tbody>\n<\/table>\n<\/div>\n\r\n<div id=\"ajustes_cookies_2\" style=\"cursor: pointer; text-decoration: underline;\">Cambiar configuraci\u00f3n de cookies.<\/div>\r\n\r\n\r\n\r\n<p><strong><strong><em>\u00bfC\u00d3MO SE DESHABILITAN LAS COOKIES EN LOS NAVEGADORES?<\/em><\/strong><\/strong><\/p>\r\n\r\n\r\n\r\n<p>El usuario puede, en cualquier momento, permitir, bloquear o eliminar las cookies instaladas en su equipo mediante la modificaci\u00f3n de los par\u00e1metros de configuraci\u00f3n del navegador instalado en su ordenador:<\/p>\r\n\r\n\r\n\r\n<p>\u2022 <a href=\"https:\/\/support.google.com\/chrome\/answer\/95647?hl=es&amp;sc_ref_bbva=https%3A%2F%2Fwww.bbva.es%2Fsistema%2Fmeta%2Faviso-legal%2Findex.jsp\" target=\"_blank\" rel=\"noreferrer noopener\">Chrome<\/a> Configuraci\u00f3n -&gt; Mostrar opciones avanzadas -&gt; Privacidad -&gt; Configuraci\u00f3n del contenido.<br \/>Para m\u00e1s informaci\u00f3n, puede consultar <a href=\"https:\/\/support.google.com\/chrome\/answer\/95647?hl=es&amp;ref_topic=3434352\" target=\"_blank\" rel=\"noreferrer noopener\">el soporte de Google<\/a> o la Ayuda del navegador.<\/p>\r\n\r\n\r\n\r\n<p>\u2022 <a href=\"http:\/\/windows.microsoft.com\/es-es\/windows7\/how-to-manage-cookies-in-internet-explorer-9?sc_ref_bbva=https%3A%2F%2Fwww.bbva.es%2Fsistema%2Fmeta%2Faviso-legal%2Findex.jsp\" target=\"_blank\" rel=\"noreferrer noopener\">Explorer<\/a> o <a href=\"https:\/\/www.microsoft.com\/es-es\/edge\" target=\"_blank\" rel=\"noreferrer noopener\">Edge<\/a> Herramientas -&gt; Opciones de Internet -&gt; Privacidad -&gt; Configuraci\u00f3n.<br \/>Para m\u00e1s informaci\u00f3n, puede consultar <a href=\"http:\/\/windows.microsoft.com\/es-es\/internet-explorer\/delete-managecookies#ie=ie-11\" target=\"_blank\" rel=\"noreferrer noopener\">el soporte de Microsoft<\/a> o la Ayuda del navegador.<\/p>\r\n\r\n\r\n\r\n<p>\u2022 <a href=\"http:\/\/support.mozilla.org\/es\/kb\/habilitar-y-deshabilitar-cookies-que-los-sitios-we?sc_ref_bbva=https%3A%2F%2Fwww.bbva.es%2Fsistema%2Fmeta%2Faviso-legal%2Findex.jsp\" target=\"_blank\" rel=\"noreferrer noopener\">Firefox<\/a>: Herramientas -&gt;Opciones -&gt; Privacidad -&gt; Historial -&gt; Configuraci\u00f3n Personalizada.<br \/>Para m\u00e1s informaci\u00f3n, puede consultar <a href=\"https:\/\/support.mozilla.org\/es\/\" target=\"_blank\" rel=\"noreferrer noopener\">el soporte de Mozilla<\/a> o la Ayuda del navegador.<\/p>\r\n\r\n\r\n\r\n<p>\u2022 <a href=\"http:\/\/support.apple.com\/kb\/ph5042?sc_ref_bbva=https%3A%2F%2Fwww.bbva.es%2Fsistema%2Fmeta%2Faviso-legal%2Findex.jsp\" target=\"_blank\" rel=\"noreferrer noopener\">Safari<\/a> Preferencias -&gt; Seguridad.<br \/>Para m\u00e1s informaci\u00f3n, puede consultar <a href=\"https:\/\/support.apple.com\/es-es\/HT201265\" target=\"_blank\" rel=\"noreferrer noopener\">el soporte de Apple<\/a> o la Ayuda del navegador<\/p>\r\n\r\n\r\n\r\n<p>La desactivaci\u00f3n de las cookies no impide la navegaci\u00f3n por el sitio web, aunque el uso de algunos de sus servicios podr\u00e1 ser limitado y, por tanto, su experiencia de navegaci\u00f3n podr\u00e1 ser menos satisfactoria.<\/p>\r\n\r\n\r\n\r\n<p><strong>RETIRAR EL CONSENTIMIENTO<\/strong><\/p>\r\n\r\n\r\n\r\n<p>El usuario podr\u00e1 retirar en cualquier momento su consentimiento relacionado con la Pol\u00edtica de Cookies, y podr\u00e1 eliminar las cookies almacenadas en su equipo a trav\u00e9s de los ajustes y configuraciones de su navegador de Internet, indicados anteriormente, as\u00ed como accediendo a nuestro panel de configuraci\u00f3n<\/p>\r\n\r\n\r\n\r\n<p>La presente Pol\u00edtica de Cookies se podr\u00e1 modificar cuando as\u00ed lo exija la legislaci\u00f3n vigente en cada momento o cuando hubiera alguna variaci\u00f3n en el tipo de cookies utilizadas en el sitio web. Por ello, le recomendamos revisar esta pol\u00edtica cada vez que acceda a nuestro sitio web con el objetivo de estar adecuadamente informado sobre c\u00f3mo y para qu\u00e9 usamos las cookies.<\/p>\r\n","protected":false},"excerpt":{"rendered":"<p>Esta pol\u00edtica de cookies tiene por finalidad informar de manera clara y precisa sobre las cookies que se utilizan en nuestra web. Utilizamos cookies propias y de terceros para mejorar nuestros servicios, personalizar nuestro sitio web, facilitar la navegaci\u00f3n de nuestros usuarios, proporcionarle una mejor experiencia en el uso del sitio web, identificar problemas para [&hellip;]<\/p>\n","protected":false},"author":1,"featured_media":0,"parent":0,"menu_order":0,"comment_status":"closed","ping_status":"closed","template":"page-legal.php","meta":{"_acf_changed":false,"inline_featured_image":false,"footnotes":""},"class_list":["post-7691","page","type-page","status-publish","hentry"],"acf":[],"yoast_head":"<!-- This site is optimized with the Yoast SEO plugin v26.7 - https:\/\/yoast.com\/wordpress\/plugins\/seo\/ -->\n<title>Cookies policy | ABM<\/title>\n<meta name=\"robots\" content=\"noindex, nofollow\" \/>\n<meta property=\"og:locale\" content=\"en_US\" \/>\n<meta property=\"og:type\" content=\"article\" \/>\n<meta property=\"og:title\" content=\"Cookies policy | ABM\" \/>\n<meta property=\"og:description\" content=\"Esta pol\u00edtica de cookies tiene por finalidad informar de manera clara y precisa sobre las cookies que se utilizan en nuestra web. Utilizamos cookies propias y de terceros para mejorar nuestros servicios, personalizar nuestro sitio web, facilitar la navegaci\u00f3n de nuestros usuarios, proporcionarle una mejor experiencia en el uso del sitio web, identificar problemas para [&hellip;]\" \/>\n<meta property=\"og:url\" content=\"https:\/\/www.abm.cat\/politica-de-cookies\/\" \/>\n<meta property=\"og:site_name\" content=\"ABM\" \/>\n<meta property=\"article:modified_time\" content=\"2024-08-08T12:13:01+00:00\" \/>\n<meta name=\"twitter:card\" content=\"summary_large_image\" \/>\n<meta name=\"twitter:label1\" content=\"Est. reading time\" \/>\n\t<meta name=\"twitter:data1\" content=\"7 minutes\" \/>\n<script type=\"application\/ld+json\" class=\"yoast-schema-graph\">{\"@context\":\"https:\/\/schema.org\",\"@graph\":[{\"@type\":\"WebPage\",\"@id\":\"https:\/\/www.abm.cat\/politica-de-cookies\/\",\"url\":\"https:\/\/www.abm.cat\/politica-de-cookies\/\",\"name\":\"Cookies policy | ABM\",\"isPartOf\":{\"@id\":\"https:\/\/www.abm.cat\/#website\"},\"datePublished\":\"2020-05-22T11:37:02+00:00\",\"dateModified\":\"2024-08-08T12:13:01+00:00\",\"breadcrumb\":{\"@id\":\"https:\/\/www.abm.cat\/politica-de-cookies\/#breadcrumb\"},\"inLanguage\":\"en-US\",\"potentialAction\":[{\"@type\":\"ReadAction\",\"target\":[\"https:\/\/www.abm.cat\/politica-de-cookies\/\"]}]},{\"@type\":\"BreadcrumbList\",\"@id\":\"https:\/\/www.abm.cat\/politica-de-cookies\/#breadcrumb\",\"itemListElement\":[{\"@type\":\"ListItem\",\"position\":1,\"name\":\"Inici\",\"item\":\"https:\/\/www.abm.cat\/en\/\"},{\"@type\":\"ListItem\",\"position\":2,\"name\":\"Cookies policy\"}]},{\"@type\":\"WebSite\",\"@id\":\"https:\/\/www.abm.cat\/#website\",\"url\":\"https:\/\/www.abm.cat\/\",\"name\":\"ABM\",\"description\":\"Especialistes en enginyeria de l&#039;aigua i territori.\",\"potentialAction\":[{\"@type\":\"SearchAction\",\"target\":{\"@type\":\"EntryPoint\",\"urlTemplate\":\"https:\/\/www.abm.cat\/?s={search_term_string}\"},\"query-input\":{\"@type\":\"PropertyValueSpecification\",\"valueRequired\":true,\"valueName\":\"search_term_string\"}}],\"inLanguage\":\"en-US\"}]}<\/script>\n<!-- \/ Yoast SEO plugin. -->","yoast_head_json":{"title":"Cookies policy | ABM","robots":{"index":"noindex","follow":"nofollow"},"og_locale":"en_US","og_type":"article","og_title":"Cookies policy | ABM","og_description":"Esta pol\u00edtica de cookies tiene por finalidad informar de manera clara y precisa sobre las cookies que se utilizan en nuestra web. Utilizamos cookies propias y de terceros para mejorar nuestros servicios, personalizar nuestro sitio web, facilitar la navegaci\u00f3n de nuestros usuarios, proporcionarle una mejor experiencia en el uso del sitio web, identificar problemas para [&hellip;]","og_url":"https:\/\/www.abm.cat\/politica-de-cookies\/","og_site_name":"ABM","article_modified_time":"2024-08-08T12:13:01+00:00","twitter_card":"summary_large_image","twitter_misc":{"Est. reading time":"7 minutes"},"schema":{"@context":"https:\/\/schema.org","@graph":[{"@type":"WebPage","@id":"https:\/\/www.abm.cat\/politica-de-cookies\/","url":"https:\/\/www.abm.cat\/politica-de-cookies\/","name":"Cookies policy | ABM","isPartOf":{"@id":"https:\/\/www.abm.cat\/#website"},"datePublished":"2020-05-22T11:37:02+00:00","dateModified":"2024-08-08T12:13:01+00:00","breadcrumb":{"@id":"https:\/\/www.abm.cat\/politica-de-cookies\/#breadcrumb"},"inLanguage":"en-US","potentialAction":[{"@type":"ReadAction","target":["https:\/\/www.abm.cat\/politica-de-cookies\/"]}]},{"@type":"BreadcrumbList","@id":"https:\/\/www.abm.cat\/politica-de-cookies\/#breadcrumb","itemListElement":[{"@type":"ListItem","position":1,"name":"Inici","item":"https:\/\/www.abm.cat\/en\/"},{"@type":"ListItem","position":2,"name":"Cookies policy"}]},{"@type":"WebSite","@id":"https:\/\/www.abm.cat\/#website","url":"https:\/\/www.abm.cat\/","name":"ABM","description":"Especialistes en enginyeria de l&#039;aigua i territori.","potentialAction":[{"@type":"SearchAction","target":{"@type":"EntryPoint","urlTemplate":"https:\/\/www.abm.cat\/?s={search_term_string}"},"query-input":{"@type":"PropertyValueSpecification","valueRequired":true,"valueName":"search_term_string"}}],"inLanguage":"en-US"}]}},"_links":{"self":[{"href":"https:\/\/www.abm.cat\/en\/wp-json\/wp\/v2\/pages\/7691","targetHints":{"allow":["GET"]}}],"collection":[{"href":"https:\/\/www.abm.cat\/en\/wp-json\/wp\/v2\/pages"}],"about":[{"href":"https:\/\/www.abm.cat\/en\/wp-json\/wp\/v2\/types\/page"}],"author":[{"embeddable":true,"href":"https:\/\/www.abm.cat\/en\/wp-json\/wp\/v2\/users\/1"}],"replies":[{"embeddable":true,"href":"https:\/\/www.abm.cat\/en\/wp-json\/wp\/v2\/comments?post=7691"}],"version-history":[{"count":1,"href":"https:\/\/www.abm.cat\/en\/wp-json\/wp\/v2\/pages\/7691\/revisions"}],"predecessor-version":[{"id":7695,"href":"https:\/\/www.abm.cat\/en\/wp-json\/wp\/v2\/pages\/7691\/revisions\/7695"}],"wp:attachment":[{"href":"https:\/\/www.abm.cat\/en\/wp-json\/wp\/v2\/media?parent=7691"}],"curies":[{"name":"wp","href":"https:\/\/api.w.org\/{rel}","templated":true}]}}