{"id":7704,"date":"2020-05-11T13:20:11","date_gmt":"2020-05-11T11:20:11","guid":{"rendered":"https:\/\/www.abm.cat\/servicios\/"},"modified":"2024-12-05T09:29:23","modified_gmt":"2024-12-05T08:29:23","slug":"services","status":"publish","type":"page","link":"https:\/\/www.abm.cat\/en\/services\/","title":{"rendered":"Services"},"content":{"rendered":"\r\n<p>Gracias a los conocimientos y experiencia adquiridos a lo largo de nuestra trayectoria, actualmente ofrecemos varios <strong>servicios especializados en ingenier\u00eda del agua<\/strong>, <strong>ingenier\u00eda civil <\/strong>e <strong>ingeniar\u00eda urbana<\/strong>, as\u00ed como en <strong>construcci\u00f3n industrial<\/strong> mediante <a href=\"https:\/\/www.abm.cat\/en\/abm-industry\/\">ABM Industry<\/a>.<\/p>\r\n","protected":false},"excerpt":{"rendered":"<p>Gracias a los conocimientos y experiencia adquiridos a lo largo de nuestra trayectoria, actualmente ofrecemos varios servicios especializados en ingenier\u00eda del agua, ingenier\u00eda civil e ingeniar\u00eda urbana, as\u00ed como en construcci\u00f3n industrial mediante ABM Industry.<\/p>\n","protected":false},"author":1,"featured_media":0,"parent":0,"menu_order":0,"comment_status":"closed","ping_status":"closed","template":"page-serveis.php","meta":{"_acf_changed":false,"inline_featured_image":false,"footnotes":""},"class_list":["post-7704","page","type-page","status-publish","hentry"],"acf":[],"yoast_head":"<!-- This site is optimized with the Yoast SEO plugin v26.7 - https:\/\/yoast.com\/wordpress\/plugins\/seo\/ -->\n<title>Nuestros servicios | ABM<\/title>\n<meta name=\"description\" content=\"Ofrecemos servicios especializados en ingenier\u00eda del agua, ingenier\u00eda civil, ingeniar\u00eda urbana y construcci\u00f3n industrial.\" \/>\n<meta name=\"robots\" content=\"index, follow, max-snippet:-1, max-image-preview:large, max-video-preview:-1\" \/>\n<link rel=\"canonical\" href=\"https:\/\/www.abm.cat\/serveis\/\" \/>\n<meta property=\"og:locale\" content=\"en_US\" \/>\n<meta property=\"og:type\" content=\"article\" \/>\n<meta property=\"og:title\" content=\"Nuestros servicios | ABM\" \/>\n<meta property=\"og:description\" content=\"Ofrecemos servicios especializados en ingenier\u00eda del agua, ingenier\u00eda civil, ingeniar\u00eda urbana y construcci\u00f3n industrial.\" \/>\n<meta property=\"og:url\" content=\"https:\/\/www.abm.cat\/serveis\/\" \/>\n<meta property=\"og:site_name\" content=\"ABM\" \/>\n<meta property=\"article:modified_time\" content=\"2024-12-05T08:29:23+00:00\" \/>\n<meta name=\"twitter:card\" content=\"summary_large_image\" \/>\n<script type=\"application\/ld+json\" class=\"yoast-schema-graph\">{\"@context\":\"https:\/\/schema.org\",\"@graph\":[{\"@type\":\"WebPage\",\"@id\":\"https:\/\/www.abm.cat\/serveis\/\",\"url\":\"https:\/\/www.abm.cat\/serveis\/\",\"name\":\"Nuestros servicios | ABM\",\"isPartOf\":{\"@id\":\"https:\/\/www.abm.cat\/#website\"},\"datePublished\":\"2020-05-11T11:20:11+00:00\",\"dateModified\":\"2024-12-05T08:29:23+00:00\",\"description\":\"Ofrecemos servicios especializados en ingenier\u00eda del agua, ingenier\u00eda civil, ingeniar\u00eda urbana y construcci\u00f3n industrial.\",\"breadcrumb\":{\"@id\":\"https:\/\/www.abm.cat\/serveis\/#breadcrumb\"},\"inLanguage\":\"en-US\",\"potentialAction\":[{\"@type\":\"ReadAction\",\"target\":[\"https:\/\/www.abm.cat\/serveis\/\"]}]},{\"@type\":\"BreadcrumbList\",\"@id\":\"https:\/\/www.abm.cat\/serveis\/#breadcrumb\",\"itemListElement\":[{\"@type\":\"ListItem\",\"position\":1,\"name\":\"Inici\",\"item\":\"https:\/\/www.abm.cat\/en\/\"},{\"@type\":\"ListItem\",\"position\":2,\"name\":\"Services\"}]},{\"@type\":\"WebSite\",\"@id\":\"https:\/\/www.abm.cat\/#website\",\"url\":\"https:\/\/www.abm.cat\/\",\"name\":\"ABM\",\"description\":\"Especialistes en enginyeria de l&#039;aigua i territori.\",\"potentialAction\":[{\"@type\":\"SearchAction\",\"target\":{\"@type\":\"EntryPoint\",\"urlTemplate\":\"https:\/\/www.abm.cat\/?s={search_term_string}\"},\"query-input\":{\"@type\":\"PropertyValueSpecification\",\"valueRequired\":true,\"valueName\":\"search_term_string\"}}],\"inLanguage\":\"en-US\"}]}<\/script>\n<!-- \/ Yoast SEO plugin. -->","yoast_head_json":{"title":"Nuestros servicios | ABM","description":"Ofrecemos servicios especializados en ingenier\u00eda del agua, ingenier\u00eda civil, ingeniar\u00eda urbana y construcci\u00f3n industrial.","robots":{"index":"index","follow":"follow","max-snippet":"max-snippet:-1","max-image-preview":"max-image-preview:large","max-video-preview":"max-video-preview:-1"},"canonical":"https:\/\/www.abm.cat\/serveis\/","og_locale":"en_US","og_type":"article","og_title":"Nuestros servicios | ABM","og_description":"Ofrecemos servicios especializados en ingenier\u00eda del agua, ingenier\u00eda civil, ingeniar\u00eda urbana y construcci\u00f3n industrial.","og_url":"https:\/\/www.abm.cat\/serveis\/","og_site_name":"ABM","article_modified_time":"2024-12-05T08:29:23+00:00","twitter_card":"summary_large_image","schema":{"@context":"https:\/\/schema.org","@graph":[{"@type":"WebPage","@id":"https:\/\/www.abm.cat\/serveis\/","url":"https:\/\/www.abm.cat\/serveis\/","name":"Nuestros servicios | ABM","isPartOf":{"@id":"https:\/\/www.abm.cat\/#website"},"datePublished":"2020-05-11T11:20:11+00:00","dateModified":"2024-12-05T08:29:23+00:00","description":"Ofrecemos servicios especializados en ingenier\u00eda del agua, ingenier\u00eda civil, ingeniar\u00eda urbana y construcci\u00f3n industrial.","breadcrumb":{"@id":"https:\/\/www.abm.cat\/serveis\/#breadcrumb"},"inLanguage":"en-US","potentialAction":[{"@type":"ReadAction","target":["https:\/\/www.abm.cat\/serveis\/"]}]},{"@type":"BreadcrumbList","@id":"https:\/\/www.abm.cat\/serveis\/#breadcrumb","itemListElement":[{"@type":"ListItem","position":1,"name":"Inici","item":"https:\/\/www.abm.cat\/en\/"},{"@type":"ListItem","position":2,"name":"Services"}]},{"@type":"WebSite","@id":"https:\/\/www.abm.cat\/#website","url":"https:\/\/www.abm.cat\/","name":"ABM","description":"Especialistes en enginyeria de l&#039;aigua i territori.","potentialAction":[{"@type":"SearchAction","target":{"@type":"EntryPoint","urlTemplate":"https:\/\/www.abm.cat\/?s={search_term_string}"},"query-input":{"@type":"PropertyValueSpecification","valueRequired":true,"valueName":"search_term_string"}}],"inLanguage":"en-US"}]}},"_links":{"self":[{"href":"https:\/\/www.abm.cat\/en\/wp-json\/wp\/v2\/pages\/7704","targetHints":{"allow":["GET"]}}],"collection":[{"href":"https:\/\/www.abm.cat\/en\/wp-json\/wp\/v2\/pages"}],"about":[{"href":"https:\/\/www.abm.cat\/en\/wp-json\/wp\/v2\/types\/page"}],"author":[{"embeddable":true,"href":"https:\/\/www.abm.cat\/en\/wp-json\/wp\/v2\/users\/1"}],"replies":[{"embeddable":true,"href":"https:\/\/www.abm.cat\/en\/wp-json\/wp\/v2\/comments?post=7704"}],"version-history":[{"count":5,"href":"https:\/\/www.abm.cat\/en\/wp-json\/wp\/v2\/pages\/7704\/revisions"}],"predecessor-version":[{"id":8632,"href":"https:\/\/www.abm.cat\/en\/wp-json\/wp\/v2\/pages\/7704\/revisions\/8632"}],"wp:attachment":[{"href":"https:\/\/www.abm.cat\/en\/wp-json\/wp\/v2\/media?parent=7704"}],"curies":[{"name":"wp","href":"https:\/\/api.w.org\/{rel}","templated":true}]}}