{"id":7706,"date":"2020-05-11T14:00:15","date_gmt":"2020-05-11T14:00:15","guid":{"rendered":"https:\/\/www.abm.cat\/innovacion\/"},"modified":"2024-08-12T09:40:31","modified_gmt":"2024-08-12T07:40:31","slug":"innovation","status":"publish","type":"page","link":"https:\/\/www.abm.cat\/en\/innovation\/","title":{"rendered":"R&#038;D&#038;I"},"content":{"rendered":"\r\n<p>Our experience in the water sector and our spirit of constant innovation drive us to work on R+D+I projects, developing <strong>solutions based on new technologies<\/strong> to improve the management of water resources, adding value and efficiency to processes.<\/p>\r\n\r\n\r\n\r\n<p>In close collaboration with other technology companies and public bodies, we have developed prestigious projects such as the GESTOR project or the URBANAGU4.0 project, among others. All of them have enabled the creation of advanced ICT tools that improve efficiency in the planning or management of projects in the water sector.<\/p>\r\n","protected":false},"excerpt":{"rendered":"<p>Our experience in the water sector and our spirit of constant innovation drive us to work on R+D+I projects, developing solutions based on new technologies to improve the management of water resources, adding value and efficiency to processes. In close collaboration with other technology companies and public bodies, we have developed prestigious projects such as [&hellip;]<\/p>\n","protected":false},"author":1,"featured_media":0,"parent":0,"menu_order":0,"comment_status":"closed","ping_status":"closed","template":"page-r-d-i.php","meta":{"_acf_changed":false,"inline_featured_image":false,"footnotes":""},"class_list":["post-7706","page","type-page","status-publish","hentry"],"acf":[],"yoast_head":"<!-- This site is optimized with the Yoast SEO plugin v26.7 - https:\/\/yoast.com\/wordpress\/plugins\/seo\/ -->\n<title>Projects R&amp;D&amp;I | ABM<\/title>\n<meta name=\"description\" content=\"Desarrollamos soluciones basadas en las nuevas tecnolog\u00edas para mejorar la gesti\u00f3n de recursos h\u00eddricos, aportando valor y eficiencia a los procesos.\" \/>\n<meta name=\"robots\" content=\"index, follow, max-snippet:-1, max-image-preview:large, max-video-preview:-1\" \/>\n<link rel=\"canonical\" href=\"https:\/\/www.abm.cat\/innovacio\/\" \/>\n<meta property=\"og:locale\" content=\"en_US\" \/>\n<meta property=\"og:type\" content=\"article\" \/>\n<meta property=\"og:title\" content=\"Projects R&amp;D&amp;I | ABM\" \/>\n<meta property=\"og:description\" content=\"Desarrollamos soluciones basadas en las nuevas tecnolog\u00edas para mejorar la gesti\u00f3n de recursos h\u00eddricos, aportando valor y eficiencia a los procesos.\" \/>\n<meta property=\"og:url\" content=\"https:\/\/www.abm.cat\/innovacio\/\" \/>\n<meta property=\"og:site_name\" content=\"ABM\" \/>\n<meta property=\"article:modified_time\" content=\"2024-08-12T07:40:31+00:00\" \/>\n<meta name=\"twitter:card\" content=\"summary_large_image\" \/>\n<script type=\"application\/ld+json\" class=\"yoast-schema-graph\">{\"@context\":\"https:\/\/schema.org\",\"@graph\":[{\"@type\":\"WebPage\",\"@id\":\"https:\/\/www.abm.cat\/innovacio\/\",\"url\":\"https:\/\/www.abm.cat\/innovacio\/\",\"name\":\"Projects R&D&I | ABM\",\"isPartOf\":{\"@id\":\"https:\/\/www.abm.cat\/#website\"},\"datePublished\":\"2020-05-11T14:00:15+00:00\",\"dateModified\":\"2024-08-12T07:40:31+00:00\",\"description\":\"Desarrollamos soluciones basadas en las nuevas tecnolog\u00edas para mejorar la gesti\u00f3n de recursos h\u00eddricos, aportando valor y eficiencia a los procesos.\",\"breadcrumb\":{\"@id\":\"https:\/\/www.abm.cat\/innovacio\/#breadcrumb\"},\"inLanguage\":\"en-US\",\"potentialAction\":[{\"@type\":\"ReadAction\",\"target\":[\"https:\/\/www.abm.cat\/innovacio\/\"]}]},{\"@type\":\"BreadcrumbList\",\"@id\":\"https:\/\/www.abm.cat\/innovacio\/#breadcrumb\",\"itemListElement\":[{\"@type\":\"ListItem\",\"position\":1,\"name\":\"Inici\",\"item\":\"https:\/\/www.abm.cat\/en\/\"},{\"@type\":\"ListItem\",\"position\":2,\"name\":\"R&#038;D&#038;I\"}]},{\"@type\":\"WebSite\",\"@id\":\"https:\/\/www.abm.cat\/#website\",\"url\":\"https:\/\/www.abm.cat\/\",\"name\":\"ABM\",\"description\":\"Especialistes en enginyeria de l&#039;aigua i territori.\",\"potentialAction\":[{\"@type\":\"SearchAction\",\"target\":{\"@type\":\"EntryPoint\",\"urlTemplate\":\"https:\/\/www.abm.cat\/?s={search_term_string}\"},\"query-input\":{\"@type\":\"PropertyValueSpecification\",\"valueRequired\":true,\"valueName\":\"search_term_string\"}}],\"inLanguage\":\"en-US\"}]}<\/script>\n<!-- \/ Yoast SEO plugin. -->","yoast_head_json":{"title":"Projects R&D&I | ABM","description":"Desarrollamos soluciones basadas en las nuevas tecnolog\u00edas para mejorar la gesti\u00f3n de recursos h\u00eddricos, aportando valor y eficiencia a los procesos.","robots":{"index":"index","follow":"follow","max-snippet":"max-snippet:-1","max-image-preview":"max-image-preview:large","max-video-preview":"max-video-preview:-1"},"canonical":"https:\/\/www.abm.cat\/innovacio\/","og_locale":"en_US","og_type":"article","og_title":"Projects R&D&I | ABM","og_description":"Desarrollamos soluciones basadas en las nuevas tecnolog\u00edas para mejorar la gesti\u00f3n de recursos h\u00eddricos, aportando valor y eficiencia a los procesos.","og_url":"https:\/\/www.abm.cat\/innovacio\/","og_site_name":"ABM","article_modified_time":"2024-08-12T07:40:31+00:00","twitter_card":"summary_large_image","schema":{"@context":"https:\/\/schema.org","@graph":[{"@type":"WebPage","@id":"https:\/\/www.abm.cat\/innovacio\/","url":"https:\/\/www.abm.cat\/innovacio\/","name":"Projects R&D&I | ABM","isPartOf":{"@id":"https:\/\/www.abm.cat\/#website"},"datePublished":"2020-05-11T14:00:15+00:00","dateModified":"2024-08-12T07:40:31+00:00","description":"Desarrollamos soluciones basadas en las nuevas tecnolog\u00edas para mejorar la gesti\u00f3n de recursos h\u00eddricos, aportando valor y eficiencia a los procesos.","breadcrumb":{"@id":"https:\/\/www.abm.cat\/innovacio\/#breadcrumb"},"inLanguage":"en-US","potentialAction":[{"@type":"ReadAction","target":["https:\/\/www.abm.cat\/innovacio\/"]}]},{"@type":"BreadcrumbList","@id":"https:\/\/www.abm.cat\/innovacio\/#breadcrumb","itemListElement":[{"@type":"ListItem","position":1,"name":"Inici","item":"https:\/\/www.abm.cat\/en\/"},{"@type":"ListItem","position":2,"name":"R&#038;D&#038;I"}]},{"@type":"WebSite","@id":"https:\/\/www.abm.cat\/#website","url":"https:\/\/www.abm.cat\/","name":"ABM","description":"Especialistes en enginyeria de l&#039;aigua i territori.","potentialAction":[{"@type":"SearchAction","target":{"@type":"EntryPoint","urlTemplate":"https:\/\/www.abm.cat\/?s={search_term_string}"},"query-input":{"@type":"PropertyValueSpecification","valueRequired":true,"valueName":"search_term_string"}}],"inLanguage":"en-US"}]}},"_links":{"self":[{"href":"https:\/\/www.abm.cat\/en\/wp-json\/wp\/v2\/pages\/7706","targetHints":{"allow":["GET"]}}],"collection":[{"href":"https:\/\/www.abm.cat\/en\/wp-json\/wp\/v2\/pages"}],"about":[{"href":"https:\/\/www.abm.cat\/en\/wp-json\/wp\/v2\/types\/page"}],"author":[{"embeddable":true,"href":"https:\/\/www.abm.cat\/en\/wp-json\/wp\/v2\/users\/1"}],"replies":[{"embeddable":true,"href":"https:\/\/www.abm.cat\/en\/wp-json\/wp\/v2\/comments?post=7706"}],"version-history":[{"count":3,"href":"https:\/\/www.abm.cat\/en\/wp-json\/wp\/v2\/pages\/7706\/revisions"}],"predecessor-version":[{"id":8333,"href":"https:\/\/www.abm.cat\/en\/wp-json\/wp\/v2\/pages\/7706\/revisions\/8333"}],"wp:attachment":[{"href":"https:\/\/www.abm.cat\/en\/wp-json\/wp\/v2\/media?parent=7706"}],"curies":[{"name":"wp","href":"https:\/\/api.w.org\/{rel}","templated":true}]}}