{"id":560,"date":"2020-05-11T14:00:15","date_gmt":"2020-05-11T14:00:15","guid":{"rendered":"https:\/\/abm.neorgvirtual.com\/innovacio\/"},"modified":"2020-10-30T09:51:58","modified_gmt":"2020-10-30T09:51:58","slug":"innovacion","status":"publish","type":"page","link":"https:\/\/www.abm.cat\/es\/innovacion\/","title":{"rendered":"I+D+i"},"content":{"rendered":"\n<p>Nuestra experiencia en el sector h\u00eddrico y nuestro esp\u00edritu de innovaci\u00f3n constante nos impulsan a trabajar en proyectos de I+D+i, desarrollando <strong>soluciones basadas en las nuevas tecnolog\u00edas<\/strong> para mejorar la gesti\u00f3n de recursos h\u00eddricos, aportando valor y eficiencia a los procesos.<\/p>\n\n\n\n<p>En estrecha colaboraci\u00f3n con otras empresas tecnol\u00f3gicas y organismos p\u00fablicos, hemos desarrollado proyectos de prestigio como el proyecto GESTOR o el proyecto URBANAGU4.0, entre otros. Todos ellos han permitido crear herramientas TIC avanzadas que mejoran la eficiencia en la planificaci\u00f3n o la gesti\u00f3n de proyectos del sector h\u00eddrico.<\/p>\n","protected":false},"excerpt":{"rendered":"<p>Nuestra experiencia en el sector h\u00eddrico y nuestro esp\u00edritu de innovaci\u00f3n constante nos impulsan a trabajar en proyectos de I+D+i, desarrollando soluciones basadas en las nuevas tecnolog\u00edas para mejorar la gesti\u00f3n de recursos h\u00eddricos, aportando valor y eficiencia a los procesos. En estrecha colaboraci\u00f3n con otras empresas tecnol\u00f3gicas y organismos p\u00fablicos, hemos desarrollado proyectos de [&hellip;]<\/p>\n","protected":false},"author":1,"featured_media":0,"parent":0,"menu_order":0,"comment_status":"closed","ping_status":"closed","template":"page-r-d-i.php","meta":{"_acf_changed":false,"inline_featured_image":false,"footnotes":""},"class_list":["post-560","page","type-page","status-publish","hentry"],"acf":[],"yoast_head":"<!-- This site is optimized with the Yoast SEO plugin v26.7 - https:\/\/yoast.com\/wordpress\/plugins\/seo\/ -->\n<title>Proyectos I+D+i | ABM<\/title>\n<meta name=\"description\" content=\"Desarrollamos soluciones basadas en las nuevas tecnolog\u00edas para mejorar la gesti\u00f3n de recursos h\u00eddricos, aportando valor y eficiencia a los procesos.\" \/>\n<meta name=\"robots\" content=\"index, follow, max-snippet:-1, max-image-preview:large, max-video-preview:-1\" \/>\n<link rel=\"canonical\" href=\"https:\/\/www.abm.cat\/innovacio\/\" \/>\n<meta property=\"og:locale\" content=\"es_ES\" \/>\n<meta property=\"og:type\" content=\"article\" \/>\n<meta property=\"og:title\" content=\"Proyectos I+D+i | ABM\" \/>\n<meta property=\"og:description\" content=\"Desarrollamos soluciones basadas en las nuevas tecnolog\u00edas para mejorar la gesti\u00f3n de recursos h\u00eddricos, aportando valor y eficiencia a los procesos.\" \/>\n<meta property=\"og:url\" content=\"https:\/\/www.abm.cat\/innovacio\/\" \/>\n<meta property=\"og:site_name\" content=\"ABM\" \/>\n<meta property=\"article:modified_time\" content=\"2020-10-30T09:51:58+00:00\" \/>\n<meta name=\"twitter:card\" content=\"summary_large_image\" \/>\n<meta name=\"twitter:label1\" content=\"Tiempo de lectura\" \/>\n\t<meta name=\"twitter:data1\" content=\"1 minuto\" \/>\n<script type=\"application\/ld+json\" class=\"yoast-schema-graph\">{\"@context\":\"https:\/\/schema.org\",\"@graph\":[{\"@type\":\"WebPage\",\"@id\":\"https:\/\/www.abm.cat\/innovacio\/\",\"url\":\"https:\/\/www.abm.cat\/innovacio\/\",\"name\":\"Proyectos I+D+i | ABM\",\"isPartOf\":{\"@id\":\"https:\/\/www.abm.cat\/#website\"},\"datePublished\":\"2020-05-11T14:00:15+00:00\",\"dateModified\":\"2020-10-30T09:51:58+00:00\",\"description\":\"Desarrollamos soluciones basadas en las nuevas tecnolog\u00edas para mejorar la gesti\u00f3n de recursos h\u00eddricos, aportando valor y eficiencia a los procesos.\",\"breadcrumb\":{\"@id\":\"https:\/\/www.abm.cat\/innovacio\/#breadcrumb\"},\"inLanguage\":\"es\",\"potentialAction\":[{\"@type\":\"ReadAction\",\"target\":[\"https:\/\/www.abm.cat\/innovacio\/\"]}]},{\"@type\":\"BreadcrumbList\",\"@id\":\"https:\/\/www.abm.cat\/innovacio\/#breadcrumb\",\"itemListElement\":[{\"@type\":\"ListItem\",\"position\":1,\"name\":\"Inici\",\"item\":\"https:\/\/www.abm.cat\/es\/\"},{\"@type\":\"ListItem\",\"position\":2,\"name\":\"I+D+i\"}]},{\"@type\":\"WebSite\",\"@id\":\"https:\/\/www.abm.cat\/#website\",\"url\":\"https:\/\/www.abm.cat\/\",\"name\":\"ABM\",\"description\":\"Especialistes en enginyeria de l&#039;aigua i territori.\",\"potentialAction\":[{\"@type\":\"SearchAction\",\"target\":{\"@type\":\"EntryPoint\",\"urlTemplate\":\"https:\/\/www.abm.cat\/?s={search_term_string}\"},\"query-input\":{\"@type\":\"PropertyValueSpecification\",\"valueRequired\":true,\"valueName\":\"search_term_string\"}}],\"inLanguage\":\"es\"}]}<\/script>\n<!-- \/ Yoast SEO plugin. -->","yoast_head_json":{"title":"Proyectos I+D+i | ABM","description":"Desarrollamos soluciones basadas en las nuevas tecnolog\u00edas para mejorar la gesti\u00f3n de recursos h\u00eddricos, aportando valor y eficiencia a los procesos.","robots":{"index":"index","follow":"follow","max-snippet":"max-snippet:-1","max-image-preview":"max-image-preview:large","max-video-preview":"max-video-preview:-1"},"canonical":"https:\/\/www.abm.cat\/innovacio\/","og_locale":"es_ES","og_type":"article","og_title":"Proyectos I+D+i | ABM","og_description":"Desarrollamos soluciones basadas en las nuevas tecnolog\u00edas para mejorar la gesti\u00f3n de recursos h\u00eddricos, aportando valor y eficiencia a los procesos.","og_url":"https:\/\/www.abm.cat\/innovacio\/","og_site_name":"ABM","article_modified_time":"2020-10-30T09:51:58+00:00","twitter_card":"summary_large_image","twitter_misc":{"Tiempo de lectura":"1 minuto"},"schema":{"@context":"https:\/\/schema.org","@graph":[{"@type":"WebPage","@id":"https:\/\/www.abm.cat\/innovacio\/","url":"https:\/\/www.abm.cat\/innovacio\/","name":"Proyectos I+D+i | ABM","isPartOf":{"@id":"https:\/\/www.abm.cat\/#website"},"datePublished":"2020-05-11T14:00:15+00:00","dateModified":"2020-10-30T09:51:58+00:00","description":"Desarrollamos soluciones basadas en las nuevas tecnolog\u00edas para mejorar la gesti\u00f3n de recursos h\u00eddricos, aportando valor y eficiencia a los procesos.","breadcrumb":{"@id":"https:\/\/www.abm.cat\/innovacio\/#breadcrumb"},"inLanguage":"es","potentialAction":[{"@type":"ReadAction","target":["https:\/\/www.abm.cat\/innovacio\/"]}]},{"@type":"BreadcrumbList","@id":"https:\/\/www.abm.cat\/innovacio\/#breadcrumb","itemListElement":[{"@type":"ListItem","position":1,"name":"Inici","item":"https:\/\/www.abm.cat\/es\/"},{"@type":"ListItem","position":2,"name":"I+D+i"}]},{"@type":"WebSite","@id":"https:\/\/www.abm.cat\/#website","url":"https:\/\/www.abm.cat\/","name":"ABM","description":"Especialistes en enginyeria de l&#039;aigua i territori.","potentialAction":[{"@type":"SearchAction","target":{"@type":"EntryPoint","urlTemplate":"https:\/\/www.abm.cat\/?s={search_term_string}"},"query-input":{"@type":"PropertyValueSpecification","valueRequired":true,"valueName":"search_term_string"}}],"inLanguage":"es"}]}},"_links":{"self":[{"href":"https:\/\/www.abm.cat\/es\/wp-json\/wp\/v2\/pages\/560","targetHints":{"allow":["GET"]}}],"collection":[{"href":"https:\/\/www.abm.cat\/es\/wp-json\/wp\/v2\/pages"}],"about":[{"href":"https:\/\/www.abm.cat\/es\/wp-json\/wp\/v2\/types\/page"}],"author":[{"embeddable":true,"href":"https:\/\/www.abm.cat\/es\/wp-json\/wp\/v2\/users\/1"}],"replies":[{"embeddable":true,"href":"https:\/\/www.abm.cat\/es\/wp-json\/wp\/v2\/comments?post=560"}],"version-history":[{"count":11,"href":"https:\/\/www.abm.cat\/es\/wp-json\/wp\/v2\/pages\/560\/revisions"}],"predecessor-version":[{"id":4151,"href":"https:\/\/www.abm.cat\/es\/wp-json\/wp\/v2\/pages\/560\/revisions\/4151"}],"wp:attachment":[{"href":"https:\/\/www.abm.cat\/es\/wp-json\/wp\/v2\/media?parent=560"}],"curies":[{"name":"wp","href":"https:\/\/api.w.org\/{rel}","templated":true}]}}