{"id":578,"date":"2020-05-22T11:35:36","date_gmt":"2020-05-22T11:35:36","guid":{"rendered":"https:\/\/abm.neorgvirtual.com\/treballa-a-abm\/"},"modified":"2020-10-16T12:51:10","modified_gmt":"2020-10-16T12:51:10","slug":"trabaja-en-abm","status":"publish","type":"page","link":"https:\/\/www.abm.cat\/es\/trabaja-en-abm\/","title":{"rendered":"Trabaja en ABM"},"content":{"rendered":"\n<ul class=\"wp-block-list\"><li>Trabajamos con un modelo de organizaci\u00f3n fundamentado en la responsabilidad, la autonom\u00eda, la libertad y la capacidad de autogesti\u00f3n, en base al ejercicio de las funciones asignadas, sin jerarqu\u00edas. &nbsp;<\/li><\/ul>\n\n\n\n<ul class=\"wp-block-list\"><li>Ofrecemos un nivel de flexibilidad y conciliaci\u00f3n laboral muy elevado, sin duda una mejora de las condiciones laborales que hemos conseguido gracias al avance realizado en los \u00faltimos a\u00f1os en la especializaci\u00f3n, en control y la trazabilidad de todos los procesos.<\/li><\/ul>\n\n\n\n<ul class=\"wp-block-list\"><li>Trabajamos en equipos especializados y aut\u00f3nomos, en base a objetivos, seguimiento de indicaciones y rendimiento de cuentas ante el grupo.<\/li><\/ul>\n\n\n\n<ul class=\"wp-block-list\"><li>Siempre apostamos por el desarrollo profesional de nuestro equipo, impulsando continuamente programas de desarrollo y formaci\u00f3n entre todos los colaboradores.<\/li><\/ul>\n\n\n\n<p><\/p>\n","protected":false},"excerpt":{"rendered":"<p>Trabajamos con un modelo de organizaci\u00f3n fundamentado en la responsabilidad, la autonom\u00eda, la libertad y la capacidad de autogesti\u00f3n, en base al ejercicio de las funciones asignadas, sin jerarqu\u00edas. &nbsp; Ofrecemos un nivel de flexibilidad y conciliaci\u00f3n laboral muy elevado, sin duda una mejora de las condiciones laborales que hemos conseguido gracias al avance realizado [&hellip;]<\/p>\n","protected":false},"author":1,"featured_media":0,"parent":0,"menu_order":0,"comment_status":"closed","ping_status":"closed","template":"page-treballa.php","meta":{"_acf_changed":false,"inline_featured_image":false,"footnotes":""},"class_list":["post-578","page","type-page","status-publish","hentry"],"acf":[],"yoast_head":"<!-- This site is optimized with the Yoast SEO plugin v26.7 - https:\/\/yoast.com\/wordpress\/plugins\/seo\/ -->\n<title>Trabaja en ABM | ABM<\/title>\n<meta name=\"description\" content=\"\u00bfQuieres trabajar con nosotros? Conoce las ofertas laborales disponibles y env\u00edanos tu CV.\" \/>\n<meta name=\"robots\" content=\"index, follow, max-snippet:-1, max-image-preview:large, max-video-preview:-1\" \/>\n<link rel=\"canonical\" href=\"https:\/\/www.abm.cat\/es\/trabaja-en-abm\/\" \/>\n<meta property=\"og:locale\" content=\"es_ES\" \/>\n<meta property=\"og:type\" content=\"article\" \/>\n<meta property=\"og:title\" content=\"Trabaja en ABM | ABM\" \/>\n<meta property=\"og:description\" content=\"\u00bfQuieres trabajar con nosotros? Conoce las ofertas laborales disponibles y env\u00edanos tu CV.\" \/>\n<meta property=\"og:url\" content=\"https:\/\/www.abm.cat\/es\/trabaja-en-abm\/\" \/>\n<meta property=\"og:site_name\" content=\"ABM\" \/>\n<meta property=\"article:modified_time\" content=\"2020-10-16T12:51:10+00:00\" \/>\n<meta name=\"twitter:card\" content=\"summary_large_image\" \/>\n<meta name=\"twitter:label1\" content=\"Tiempo de lectura\" \/>\n\t<meta name=\"twitter:data1\" content=\"1 minuto\" \/>\n<script type=\"application\/ld+json\" class=\"yoast-schema-graph\">{\"@context\":\"https:\/\/schema.org\",\"@graph\":[{\"@type\":\"WebPage\",\"@id\":\"https:\/\/www.abm.cat\/es\/trabaja-en-abm\/\",\"url\":\"https:\/\/www.abm.cat\/es\/trabaja-en-abm\/\",\"name\":\"Trabaja en ABM | ABM\",\"isPartOf\":{\"@id\":\"https:\/\/www.abm.cat\/#website\"},\"datePublished\":\"2020-05-22T11:35:36+00:00\",\"dateModified\":\"2020-10-16T12:51:10+00:00\",\"description\":\"\u00bfQuieres trabajar con nosotros? Conoce las ofertas laborales disponibles y env\u00edanos tu CV.\",\"breadcrumb\":{\"@id\":\"https:\/\/www.abm.cat\/es\/trabaja-en-abm\/#breadcrumb\"},\"inLanguage\":\"es\",\"potentialAction\":[{\"@type\":\"ReadAction\",\"target\":[\"https:\/\/www.abm.cat\/es\/trabaja-en-abm\/\"]}]},{\"@type\":\"BreadcrumbList\",\"@id\":\"https:\/\/www.abm.cat\/es\/trabaja-en-abm\/#breadcrumb\",\"itemListElement\":[{\"@type\":\"ListItem\",\"position\":1,\"name\":\"Inici\",\"item\":\"https:\/\/www.abm.cat\/es\/\"},{\"@type\":\"ListItem\",\"position\":2,\"name\":\"Trabaja en ABM\"}]},{\"@type\":\"WebSite\",\"@id\":\"https:\/\/www.abm.cat\/#website\",\"url\":\"https:\/\/www.abm.cat\/\",\"name\":\"ABM\",\"description\":\"Especialistes en enginyeria de l&#039;aigua i territori.\",\"potentialAction\":[{\"@type\":\"SearchAction\",\"target\":{\"@type\":\"EntryPoint\",\"urlTemplate\":\"https:\/\/www.abm.cat\/?s={search_term_string}\"},\"query-input\":{\"@type\":\"PropertyValueSpecification\",\"valueRequired\":true,\"valueName\":\"search_term_string\"}}],\"inLanguage\":\"es\"}]}<\/script>\n<!-- \/ Yoast SEO plugin. -->","yoast_head_json":{"title":"Trabaja en ABM | ABM","description":"\u00bfQuieres trabajar con nosotros? Conoce las ofertas laborales disponibles y env\u00edanos tu CV.","robots":{"index":"index","follow":"follow","max-snippet":"max-snippet:-1","max-image-preview":"max-image-preview:large","max-video-preview":"max-video-preview:-1"},"canonical":"https:\/\/www.abm.cat\/es\/trabaja-en-abm\/","og_locale":"es_ES","og_type":"article","og_title":"Trabaja en ABM | ABM","og_description":"\u00bfQuieres trabajar con nosotros? Conoce las ofertas laborales disponibles y env\u00edanos tu CV.","og_url":"https:\/\/www.abm.cat\/es\/trabaja-en-abm\/","og_site_name":"ABM","article_modified_time":"2020-10-16T12:51:10+00:00","twitter_card":"summary_large_image","twitter_misc":{"Tiempo de lectura":"1 minuto"},"schema":{"@context":"https:\/\/schema.org","@graph":[{"@type":"WebPage","@id":"https:\/\/www.abm.cat\/es\/trabaja-en-abm\/","url":"https:\/\/www.abm.cat\/es\/trabaja-en-abm\/","name":"Trabaja en ABM | ABM","isPartOf":{"@id":"https:\/\/www.abm.cat\/#website"},"datePublished":"2020-05-22T11:35:36+00:00","dateModified":"2020-10-16T12:51:10+00:00","description":"\u00bfQuieres trabajar con nosotros? Conoce las ofertas laborales disponibles y env\u00edanos tu CV.","breadcrumb":{"@id":"https:\/\/www.abm.cat\/es\/trabaja-en-abm\/#breadcrumb"},"inLanguage":"es","potentialAction":[{"@type":"ReadAction","target":["https:\/\/www.abm.cat\/es\/trabaja-en-abm\/"]}]},{"@type":"BreadcrumbList","@id":"https:\/\/www.abm.cat\/es\/trabaja-en-abm\/#breadcrumb","itemListElement":[{"@type":"ListItem","position":1,"name":"Inici","item":"https:\/\/www.abm.cat\/es\/"},{"@type":"ListItem","position":2,"name":"Trabaja en ABM"}]},{"@type":"WebSite","@id":"https:\/\/www.abm.cat\/#website","url":"https:\/\/www.abm.cat\/","name":"ABM","description":"Especialistes en enginyeria de l&#039;aigua i territori.","potentialAction":[{"@type":"SearchAction","target":{"@type":"EntryPoint","urlTemplate":"https:\/\/www.abm.cat\/?s={search_term_string}"},"query-input":{"@type":"PropertyValueSpecification","valueRequired":true,"valueName":"search_term_string"}}],"inLanguage":"es"}]}},"_links":{"self":[{"href":"https:\/\/www.abm.cat\/es\/wp-json\/wp\/v2\/pages\/578","targetHints":{"allow":["GET"]}}],"collection":[{"href":"https:\/\/www.abm.cat\/es\/wp-json\/wp\/v2\/pages"}],"about":[{"href":"https:\/\/www.abm.cat\/es\/wp-json\/wp\/v2\/types\/page"}],"author":[{"embeddable":true,"href":"https:\/\/www.abm.cat\/es\/wp-json\/wp\/v2\/users\/1"}],"replies":[{"embeddable":true,"href":"https:\/\/www.abm.cat\/es\/wp-json\/wp\/v2\/comments?post=578"}],"version-history":[{"count":4,"href":"https:\/\/www.abm.cat\/es\/wp-json\/wp\/v2\/pages\/578\/revisions"}],"predecessor-version":[{"id":1269,"href":"https:\/\/www.abm.cat\/es\/wp-json\/wp\/v2\/pages\/578\/revisions\/1269"}],"wp:attachment":[{"href":"https:\/\/www.abm.cat\/es\/wp-json\/wp\/v2\/media?parent=578"}],"curies":[{"name":"wp","href":"https:\/\/api.w.org\/{rel}","templated":true}]}}